{"id":71,"date":"2024-06-03T12:46:47","date_gmt":"2024-06-03T12:46:47","guid":{"rendered":"https:\/\/elated-lamarr.89-58-35-140.plesk.page\/?page_id=71"},"modified":"2024-06-30T10:36:14","modified_gmt":"2024-06-30T10:36:14","slug":"veredelungen","status":"publish","type":"page","link":"https:\/\/staging.elated-lamarr.89-58-35-140.plesk.page\/test-clone\/veredelungen\/","title":{"rendered":"Veredelungen"},"content":{"rendered":"\t\t<div data-elementor-type=\"wp-page\" data-elementor-id=\"71\" class=\"elementor elementor-71\" data-elementor-post-type=\"page\">\n\t\t\t\t<div class=\"elementor-element elementor-element-eb2f2d7 e-con-full e-flex e-con e-parent\" data-id=\"eb2f2d7\" data-element_type=\"container\">\n\t\t\t\t<div class=\"elementor-element elementor-element-26a82b9 elementor-arrows-position-inside elementor-pagination-position-outside elementor-widget elementor-widget-image-carousel\" data-id=\"26a82b9\" data-element_type=\"widget\" data-settings=\"{&quot;slides_to_show&quot;:&quot;1&quot;,&quot;navigation&quot;:&quot;both&quot;,&quot;autoplay&quot;:&quot;yes&quot;,&quot;pause_on_hover&quot;:&quot;yes&quot;,&quot;pause_on_interaction&quot;:&quot;yes&quot;,&quot;autoplay_speed&quot;:5000,&quot;infinite&quot;:&quot;yes&quot;,&quot;effect&quot;:&quot;slide&quot;,&quot;speed&quot;:500}\" data-widget_type=\"image-carousel.default\">\n\t\t\t\t<div class=\"elementor-widget-container\">\n\t\t\t\t\t\t\t<div class=\"elementor-image-carousel-wrapper swiper\" role=\"region\" aria-roledescription=\"carousel\" aria-label=\"Bild Karussell\" dir=\"ltr\">\n\t\t\t<div class=\"elementor-image-carousel swiper-wrapper\" aria-live=\"off\">\n\t\t\t\t\t\t\t\t<div class=\"swiper-slide\" role=\"group\" aria-roledescription=\"slide\" aria-label=\"1 von 5\"><figure class=\"swiper-slide-inner\"><img decoding=\"async\" class=\"swiper-slide-image\" src=\"https:\/\/staging.elated-lamarr.89-58-35-140.plesk.page\/test-clone\/wp-content\/uploads\/sites\/10\/elementor\/thumbs\/20240410_092909_1-qu7i84oz2ola3rob38cfgdwtmpu6ts1jw573qcyfdq.jpg\" alt=\"20240410_092909_1\" \/><\/figure><\/div><div class=\"swiper-slide\" role=\"group\" aria-roledescription=\"slide\" aria-label=\"2 von 5\"><figure class=\"swiper-slide-inner\"><img decoding=\"async\" class=\"swiper-slide-image\" src=\"https:\/\/staging.elated-lamarr.89-58-35-140.plesk.page\/test-clone\/wp-content\/uploads\/sites\/10\/elementor\/thumbs\/20240410_092816-qu7i84oz2ola3rob38cfgdwtmpu6ts1jw573qcyfdq.jpg\" alt=\"20240410_092816\" \/><\/figure><\/div><div class=\"swiper-slide\" role=\"group\" aria-roledescription=\"slide\" aria-label=\"3 von 5\"><figure class=\"swiper-slide-inner\"><img decoding=\"async\" class=\"swiper-slide-image\" src=\"https:\/\/staging.elated-lamarr.89-58-35-140.plesk.page\/test-clone\/wp-content\/uploads\/sites\/10\/elementor\/thumbs\/20240410_092758-qu7i84oz2ola3rob38cfgdwtmpu6ts1jw573qcyfdq.jpg\" alt=\"20240410_092758\" \/><\/figure><\/div><div class=\"swiper-slide\" role=\"group\" aria-roledescription=\"slide\" aria-label=\"4 von 5\"><figure class=\"swiper-slide-inner\"><img decoding=\"async\" class=\"swiper-slide-image\" src=\"https:\/\/staging.elated-lamarr.89-58-35-140.plesk.page\/test-clone\/wp-content\/uploads\/sites\/10\/elementor\/thumbs\/20240410_092707_1-qu7i84oz2ola3rob38cfgdwtmpu6ts1jw573qcyfdq.jpg\" alt=\"20240410_092707_1\" \/><\/figure><\/div><div class=\"swiper-slide\" role=\"group\" aria-roledescription=\"slide\" aria-label=\"5 von 5\"><figure class=\"swiper-slide-inner\"><img decoding=\"async\" class=\"swiper-slide-image\" src=\"https:\/\/staging.elated-lamarr.89-58-35-140.plesk.page\/test-clone\/wp-content\/uploads\/sites\/10\/elementor\/thumbs\/20240410_092653_1-qu7i83r4vujzs5po8pxsvw5d1bytm2xtk0jm92ztjy.jpg\" alt=\"20240410_092653_1\" \/><\/figure><\/div>\t\t\t<\/div>\n\t\t\t\t\t\t\t\t\t\t\t\t<div class=\"elementor-swiper-button elementor-swiper-button-prev\" role=\"button\" tabindex=\"0\">\n\t\t\t\t\t\t<svg aria-hidden=\"true\" class=\"e-font-icon-svg e-eicon-chevron-left\" viewBox=\"0 0 1000 1000\" xmlns=\"http:\/\/www.w3.org\/2000\/svg\"><path d=\"M646 125C629 125 613 133 604 142L308 442C296 454 292 471 292 487 292 504 296 521 308 533L604 854C617 867 629 875 646 875 663 875 679 871 692 858 704 846 713 829 713 812 713 796 708 779 692 767L438 487 692 225C700 217 708 204 708 187 708 171 704 154 692 142 675 129 663 125 646 125Z\"><\/path><\/svg>\t\t\t\t\t<\/div>\n\t\t\t\t\t<div class=\"elementor-swiper-button elementor-swiper-button-next\" role=\"button\" tabindex=\"0\">\n\t\t\t\t\t\t<svg aria-hidden=\"true\" class=\"e-font-icon-svg e-eicon-chevron-right\" viewBox=\"0 0 1000 1000\" xmlns=\"http:\/\/www.w3.org\/2000\/svg\"><path d=\"M696 533C708 521 713 504 713 487 713 471 708 454 696 446L400 146C388 133 375 125 354 125 338 125 325 129 313 142 300 154 292 171 292 187 292 204 296 221 308 233L563 492 304 771C292 783 288 800 288 817 288 833 296 850 308 863 321 871 338 875 354 875 371 875 388 867 400 854L696 533Z\"><\/path><\/svg>\t\t\t\t\t<\/div>\n\t\t\t\t\n\t\t\t\t\t\t\t\t\t<div class=\"swiper-pagination\"><\/div>\n\t\t\t\t\t\t\t\t\t<\/div>\n\t\t\t\t\t\t<\/div>\n\t\t\t\t<\/div>\n\t\t\t\t<\/div>\n\t\t<div class=\"elementor-element elementor-element-4049d70 e-flex e-con-boxed e-con e-parent\" data-id=\"4049d70\" data-element_type=\"container\">\n\t\t\t\t\t<div class=\"e-con-inner\">\n\t\t\t\t<div class=\"elementor-element elementor-element-53745d1 elementor-widget elementor-widget-heading\" data-id=\"53745d1\" data-element_type=\"widget\" data-widget_type=\"heading.default\">\n\t\t\t\t<div class=\"elementor-widget-container\">\n\t\t\t\t\t<h2 class=\"elementor-heading-title elementor-size-default\">VEREDELUNGEN<\/h2>\t\t\t\t<\/div>\n\t\t\t\t<\/div>\n\t\t\t\t<div class=\"elementor-element elementor-element-95a700c elementor-widget elementor-widget-text-editor\" data-id=\"95a700c\" data-element_type=\"widget\" data-widget_type=\"text-editor.default\">\n\t\t\t\t<div class=\"elementor-widget-container\">\n\t\t\t\t\t\t\t\t\t<p>Wir bieten dir einen erstklassigen Service, damit du mit deinem Projekt punkten kannst. Als offizieller Ausstattungspartner schenken uns schon viele gro\u00dfe und kleine Vereine ihr Vertrauen. Durch unsere langj\u00e4hrige Erfahrung im Bereich der Textilveredelung, k\u00f6nnen wir f\u00fcr dich jedes Projekt meistern.<\/p>\t\t\t\t\t\t\t\t<\/div>\n\t\t\t\t<\/div>\n\t\t\t\t\t<\/div>\n\t\t\t\t<\/div>\n\t\t<div class=\"elementor-element elementor-element-5f2ea1f e-flex e-con-boxed e-con e-parent\" data-id=\"5f2ea1f\" data-element_type=\"container\">\n\t\t\t\t\t<div class=\"e-con-inner\">\n\t\t\t\t<div class=\"elementor-element elementor-element-a57479e elementor-widget elementor-widget-heading\" data-id=\"a57479e\" data-element_type=\"widget\" data-widget_type=\"heading.default\">\n\t\t\t\t<div class=\"elementor-widget-container\">\n\t\t\t\t\t<h2 class=\"elementor-heading-title elementor-size-default\">FLOCK<\/h2>\t\t\t\t<\/div>\n\t\t\t\t<\/div>\n\t\t\t\t<div class=\"elementor-element elementor-element-48f50df elementor-widget elementor-widget-text-editor\" data-id=\"48f50df\" data-element_type=\"widget\" data-widget_type=\"text-editor.default\">\n\t\t\t\t<div class=\"elementor-widget-container\">\n\t\t\t\t\t\t\t\t\t<p>Die samtige textil\u00e4hnliche Haptik verleiht dem Flock ein besonders hochwertiges Aussehen. Der entsprechend der Flockfaser eingef\u00e4rbte Schmelzkleber bietet hervorragenden Halt auf diversen Textilien.<\/p><p>Anwendung: Baumwolle, Polyester<\/p>\t\t\t\t\t\t\t\t<\/div>\n\t\t\t\t<\/div>\n\t\t\t\t\t<\/div>\n\t\t\t\t<\/div>\n\t\t<div class=\"elementor-element elementor-element-25158e0 e-flex e-con-boxed e-con e-parent\" data-id=\"25158e0\" data-element_type=\"container\">\n\t\t\t\t\t<div class=\"e-con-inner\">\n\t\t\t\t<div class=\"elementor-element elementor-element-635c2a8 elementor-widget elementor-widget-heading\" data-id=\"635c2a8\" data-element_type=\"widget\" data-widget_type=\"heading.default\">\n\t\t\t\t<div class=\"elementor-widget-container\">\n\t\t\t\t\t<h2 class=\"elementor-heading-title elementor-size-default\">FLEX<\/h2>\t\t\t\t<\/div>\n\t\t\t\t<\/div>\n\t\t\t\t<div class=\"elementor-element elementor-element-015feca elementor-widget elementor-widget-text-editor\" data-id=\"015feca\" data-element_type=\"widget\" data-widget_type=\"text-editor.default\">\n\t\t\t\t<div class=\"elementor-widget-container\">\n\t\t\t\t\t\t\t\t\t<p>Die glatte, matte und sehr d\u00fcnne Textiltransferfolie mit Siebdruckcharakter hat eine hohe Deckkraft und ist vielseitig einsetzbar. Flexfolie mit einem Blockoutzwischenlayer (Sperrschicht) verhindert das Resublimieren des Tr\u00e4gertextils.<\/p><p>Anwendung: Baumwolle, Polyester, Mischgewebe<\/p>\t\t\t\t\t\t\t\t<\/div>\n\t\t\t\t<\/div>\n\t\t\t\t\t<\/div>\n\t\t\t\t<\/div>\n\t\t<div class=\"elementor-element elementor-element-7260855 e-flex e-con-boxed e-con e-parent\" data-id=\"7260855\" data-element_type=\"container\">\n\t\t\t\t\t<div class=\"e-con-inner\">\n\t\t\t\t<div class=\"elementor-element elementor-element-a85d9ba elementor-widget elementor-widget-heading\" data-id=\"a85d9ba\" data-element_type=\"widget\" data-widget_type=\"heading.default\">\n\t\t\t\t<div class=\"elementor-widget-container\">\n\t\t\t\t\t<h2 class=\"elementor-heading-title elementor-size-default\">FLEXPATCH & DTF<\/h2>\t\t\t\t<\/div>\n\t\t\t\t<\/div>\n\t\t\t\t<div class=\"elementor-element elementor-element-d898fb6 elementor-widget elementor-widget-text-editor\" data-id=\"d898fb6\" data-element_type=\"widget\" data-widget_type=\"text-editor.default\">\n\t\t\t\t<div class=\"elementor-widget-container\">\n\t\t\t\t\t\t\t\t\t<p>Farbig bedrucktes Flexmaterial, welches nach dem Schneiden konturgeschnitten wird. Jedes druckbare Motiv ist hier m\u00f6glich und besticht durch seine sehr scharfe und hohe Druckqualit\u00e4t.<\/p><p>Anwendung: auf allen Materialien anwendbar.<\/p>\t\t\t\t\t\t\t\t<\/div>\n\t\t\t\t<\/div>\n\t\t\t\t\t<\/div>\n\t\t\t\t<\/div>\n\t\t<div class=\"elementor-element elementor-element-10ca10c e-flex e-con-boxed e-con e-parent\" data-id=\"10ca10c\" data-element_type=\"container\">\n\t\t\t\t\t<div class=\"e-con-inner\">\n\t\t\t\t<div class=\"elementor-element elementor-element-fafe722 elementor-widget elementor-widget-heading\" data-id=\"fafe722\" data-element_type=\"widget\" data-widget_type=\"heading.default\">\n\t\t\t\t<div class=\"elementor-widget-container\">\n\t\t\t\t\t<h2 class=\"elementor-heading-title elementor-size-default\">NYLOFLEX<\/h2>\t\t\t\t<\/div>\n\t\t\t\t<\/div>\n\t\t\t\t<div class=\"elementor-element elementor-element-8ceddc3 elementor-widget elementor-widget-text-editor\" data-id=\"8ceddc3\" data-element_type=\"widget\" data-widget_type=\"text-editor.default\">\n\t\t\t\t<div class=\"elementor-widget-container\">\n\t\t\t\t\t\t\t\t\t<p>Die weiche, gummielastische Nylonfolie bietet einen angenehm Textilengriff, hohen Tragekomfort und ausgezeichnete Opazit\u00e4t. Sie wurde speziell f\u00fcr schwierige Untergr\u00fcnde entwickelt.<\/p><p>Anwendung: geeignet f\u00fcr die \u00dcbertragung auf Nylon sowie hydrophobierte Gewebe mit einer wasserabweisenden Impr\u00e4gnierung.<\/p>\t\t\t\t\t\t\t\t<\/div>\n\t\t\t\t<\/div>\n\t\t\t\t\t<\/div>\n\t\t\t\t<\/div>\n\t\t<div class=\"elementor-element elementor-element-0333674 e-flex e-con-boxed e-con e-parent\" data-id=\"0333674\" data-element_type=\"container\">\n\t\t\t\t\t<div class=\"e-con-inner\">\n\t\t<div class=\"elementor-element elementor-element-8d69139 e-flex e-con-boxed e-con e-child\" data-id=\"8d69139\" data-element_type=\"container\">\n\t\t\t\t\t<div class=\"e-con-inner\">\n\t\t\t\t<div class=\"elementor-element elementor-element-386934e elementor-widget elementor-widget-spacer\" data-id=\"386934e\" data-element_type=\"widget\" data-widget_type=\"spacer.default\">\n\t\t\t\t<div class=\"elementor-widget-container\">\n\t\t\t\t\t\t\t<div class=\"elementor-spacer\">\n\t\t\t<div class=\"elementor-spacer-inner\"><\/div>\n\t\t<\/div>\n\t\t\t\t\t\t<\/div>\n\t\t\t\t<\/div>\n\t\t\t\t\t<\/div>\n\t\t\t\t<\/div>\n\t\t\t\t\t<\/div>\n\t\t\t\t<\/div>\n\t\t\t\t<\/div>\n\t\t","protected":false},"excerpt":{"rendered":"<p>VEREDELUNGEN Wir bieten dir einen erstklassigen Service, damit du mit deinem Projekt punkten kannst. Als offizieller Ausstattungspartner schenken uns schon viele gro\u00dfe und kleine Vereine ihr Vertrauen. Durch unsere langj\u00e4hrige Erfahrung im Bereich der Textilveredelung, k\u00f6nnen wir f\u00fcr dich jedes Projekt meistern. FLOCK Die samtige textil\u00e4hnliche Haptik verleiht dem Flock ein besonders hochwertiges Aussehen. Der [&hellip;]<\/p>\n","protected":false},"author":3,"featured_media":0,"parent":0,"menu_order":0,"comment_status":"closed","ping_status":"closed","template":"elementor_header_footer","meta":{"_acf_changed":false,"footnotes":""},"class_list":["post-71","page","type-page","status-publish","hentry"],"acf":[],"_links":{"self":[{"href":"https:\/\/staging.elated-lamarr.89-58-35-140.plesk.page\/test-clone\/wp-json\/wp\/v2\/pages\/71","targetHints":{"allow":["GET"]}}],"collection":[{"href":"https:\/\/staging.elated-lamarr.89-58-35-140.plesk.page\/test-clone\/wp-json\/wp\/v2\/pages"}],"about":[{"href":"https:\/\/staging.elated-lamarr.89-58-35-140.plesk.page\/test-clone\/wp-json\/wp\/v2\/types\/page"}],"author":[{"embeddable":true,"href":"https:\/\/staging.elated-lamarr.89-58-35-140.plesk.page\/test-clone\/wp-json\/wp\/v2\/users\/3"}],"replies":[{"embeddable":true,"href":"https:\/\/staging.elated-lamarr.89-58-35-140.plesk.page\/test-clone\/wp-json\/wp\/v2\/comments?post=71"}],"version-history":[{"count":25,"href":"https:\/\/staging.elated-lamarr.89-58-35-140.plesk.page\/test-clone\/wp-json\/wp\/v2\/pages\/71\/revisions"}],"predecessor-version":[{"id":441,"href":"https:\/\/staging.elated-lamarr.89-58-35-140.plesk.page\/test-clone\/wp-json\/wp\/v2\/pages\/71\/revisions\/441"}],"wp:attachment":[{"href":"https:\/\/staging.elated-lamarr.89-58-35-140.plesk.page\/test-clone\/wp-json\/wp\/v2\/media?parent=71"}],"curies":[{"name":"wp","href":"https:\/\/api.w.org\/{rel}","templated":true}]}}