{"id":67,"date":"2024-06-03T12:45:55","date_gmt":"2024-06-03T12:45:55","guid":{"rendered":"https:\/\/elated-lamarr.89-58-35-140.plesk.page\/?page_id=67"},"modified":"2024-06-30T14:13:08","modified_gmt":"2024-06-30T14:13:08","slug":"ueber-uns","status":"publish","type":"page","link":"https:\/\/staging.elated-lamarr.89-58-35-140.plesk.page\/test-clone\/ueber-uns\/","title":{"rendered":"\u00dcber uns"},"content":{"rendered":"\t\t<div data-elementor-type=\"wp-page\" data-elementor-id=\"67\" class=\"elementor elementor-67\" data-elementor-post-type=\"page\">\n\t\t\t\t<div class=\"elementor-element elementor-element-569206c e-con-full e-flex e-con e-parent\" data-id=\"569206c\" data-element_type=\"container\">\n\t\t\t\t<div class=\"elementor-element elementor-element-f82d9ee elementor-arrows-position-inside elementor-pagination-position-outside elementor-widget elementor-widget-image-carousel\" data-id=\"f82d9ee\" data-element_type=\"widget\" data-settings=\"{&quot;slides_to_show&quot;:&quot;1&quot;,&quot;navigation&quot;:&quot;both&quot;,&quot;autoplay&quot;:&quot;yes&quot;,&quot;pause_on_hover&quot;:&quot;yes&quot;,&quot;pause_on_interaction&quot;:&quot;yes&quot;,&quot;autoplay_speed&quot;:5000,&quot;infinite&quot;:&quot;yes&quot;,&quot;effect&quot;:&quot;slide&quot;,&quot;speed&quot;:500}\" data-widget_type=\"image-carousel.default\">\n\t\t\t\t<div class=\"elementor-widget-container\">\n\t\t\t\t\t\t\t<div class=\"elementor-image-carousel-wrapper swiper\" role=\"region\" aria-roledescription=\"carousel\" aria-label=\"Bild Karussell\" dir=\"ltr\">\n\t\t\t<div class=\"elementor-image-carousel swiper-wrapper\" aria-live=\"off\">\n\t\t\t\t\t\t\t\t<div class=\"swiper-slide\" role=\"group\" aria-roledescription=\"slide\" aria-label=\"1 von 5\"><figure class=\"swiper-slide-inner\"><img decoding=\"async\" class=\"swiper-slide-image\" src=\"https:\/\/staging.elated-lamarr.89-58-35-140.plesk.page\/test-clone\/wp-content\/uploads\/sites\/10\/elementor\/thumbs\/20240410_092909_1-qu7i84oz2ola3rob38cfgdwtmpu6ts1jw573qcyfdq.jpg\" alt=\"20240410_092909_1\" \/><\/figure><\/div><div class=\"swiper-slide\" role=\"group\" aria-roledescription=\"slide\" aria-label=\"2 von 5\"><figure class=\"swiper-slide-inner\"><img decoding=\"async\" class=\"swiper-slide-image\" src=\"https:\/\/staging.elated-lamarr.89-58-35-140.plesk.page\/test-clone\/wp-content\/uploads\/sites\/10\/elementor\/thumbs\/20240410_092816-qu7i84oz2ola3rob38cfgdwtmpu6ts1jw573qcyfdq.jpg\" alt=\"20240410_092816\" \/><\/figure><\/div><div class=\"swiper-slide\" role=\"group\" aria-roledescription=\"slide\" aria-label=\"3 von 5\"><figure class=\"swiper-slide-inner\"><img decoding=\"async\" class=\"swiper-slide-image\" src=\"https:\/\/staging.elated-lamarr.89-58-35-140.plesk.page\/test-clone\/wp-content\/uploads\/sites\/10\/elementor\/thumbs\/20240410_092758-qu7i84oz2ola3rob38cfgdwtmpu6ts1jw573qcyfdq.jpg\" alt=\"20240410_092758\" \/><\/figure><\/div><div class=\"swiper-slide\" role=\"group\" aria-roledescription=\"slide\" aria-label=\"4 von 5\"><figure class=\"swiper-slide-inner\"><img decoding=\"async\" class=\"swiper-slide-image\" src=\"https:\/\/staging.elated-lamarr.89-58-35-140.plesk.page\/test-clone\/wp-content\/uploads\/sites\/10\/elementor\/thumbs\/20240410_092707_1-qu7i84oz2ola3rob38cfgdwtmpu6ts1jw573qcyfdq.jpg\" alt=\"20240410_092707_1\" \/><\/figure><\/div><div class=\"swiper-slide\" role=\"group\" aria-roledescription=\"slide\" aria-label=\"5 von 5\"><figure class=\"swiper-slide-inner\"><img decoding=\"async\" class=\"swiper-slide-image\" src=\"https:\/\/staging.elated-lamarr.89-58-35-140.plesk.page\/test-clone\/wp-content\/uploads\/sites\/10\/elementor\/thumbs\/20240410_092653_1-qu7i83r4vujzs5po8pxsvw5d1bytm2xtk0jm92ztjy.jpg\" alt=\"20240410_092653_1\" \/><\/figure><\/div>\t\t\t<\/div>\n\t\t\t\t\t\t\t\t\t\t\t\t<div class=\"elementor-swiper-button elementor-swiper-button-prev\" role=\"button\" tabindex=\"0\">\n\t\t\t\t\t\t<svg aria-hidden=\"true\" class=\"e-font-icon-svg e-eicon-chevron-left\" viewBox=\"0 0 1000 1000\" xmlns=\"http:\/\/www.w3.org\/2000\/svg\"><path d=\"M646 125C629 125 613 133 604 142L308 442C296 454 292 471 292 487 292 504 296 521 308 533L604 854C617 867 629 875 646 875 663 875 679 871 692 858 704 846 713 829 713 812 713 796 708 779 692 767L438 487 692 225C700 217 708 204 708 187 708 171 704 154 692 142 675 129 663 125 646 125Z\"><\/path><\/svg>\t\t\t\t\t<\/div>\n\t\t\t\t\t<div class=\"elementor-swiper-button elementor-swiper-button-next\" role=\"button\" tabindex=\"0\">\n\t\t\t\t\t\t<svg aria-hidden=\"true\" class=\"e-font-icon-svg e-eicon-chevron-right\" viewBox=\"0 0 1000 1000\" xmlns=\"http:\/\/www.w3.org\/2000\/svg\"><path d=\"M696 533C708 521 713 504 713 487 713 471 708 454 696 446L400 146C388 133 375 125 354 125 338 125 325 129 313 142 300 154 292 171 292 187 292 204 296 221 308 233L563 492 304 771C292 783 288 800 288 817 288 833 296 850 308 863 321 871 338 875 354 875 371 875 388 867 400 854L696 533Z\"><\/path><\/svg>\t\t\t\t\t<\/div>\n\t\t\t\t\n\t\t\t\t\t\t\t\t\t<div class=\"swiper-pagination\"><\/div>\n\t\t\t\t\t\t\t\t\t<\/div>\n\t\t\t\t\t\t<\/div>\n\t\t\t\t<\/div>\n\t\t\t\t<\/div>\n\t\t<div class=\"elementor-element elementor-element-a1b9197 e-flex e-con-boxed e-con e-parent\" data-id=\"a1b9197\" data-element_type=\"container\">\n\t\t\t\t\t<div class=\"e-con-inner\">\n\t\t\t\t<div class=\"elementor-element elementor-element-522225d elementor-widget elementor-widget-heading\" data-id=\"522225d\" data-element_type=\"widget\" data-widget_type=\"heading.default\">\n\t\t\t\t<div class=\"elementor-widget-container\">\n\t\t\t\t\t<h2 class=\"elementor-heading-title elementor-size-default\">\u00dcBER UNS<\/h2>\t\t\t\t<\/div>\n\t\t\t\t<\/div>\n\t\t\t\t<div class=\"elementor-element elementor-element-98574a1 elementor-widget elementor-widget-text-editor\" data-id=\"98574a1\" data-element_type=\"widget\" data-widget_type=\"text-editor.default\">\n\t\t\t\t<div class=\"elementor-widget-container\">\n\t\t\t\t\t\t\t\t\t<p>Gemeinsam von Sieg zu Sieg! Mit unserer fachlichen Expertise unterst\u00fctzen und beraten wir Vereine bei allem rund um Sportbekleidung und -ausr\u00fcstung, sodass sie sich voll und ganz auf ihre Leidenschaft konzentrieren k\u00f6nnen und sich nicht mit Nebens\u00e4chlichem besch\u00e4ftigen m\u00fcssen. Dank unserem exklusiven Service k\u00f6nnen sich die immer weniger werdenden ehrenamtlichen Vereinsmitglieder somit wichtigeren Aufgaben widmen.<\/p><p>Doch nicht nur Vereine ben\u00f6tigen einen verl\u00e4sslichen Partner. Unternehmen die Corporate Identity nicht nur im Arbeitsalltag wollen, sondern auch dar\u00fcber hinaus, landen bei uns einen Volltreffer! Wir veredeln Mitarbeiterbekleidung f\u00fcr jeden Anlass, egal ob f\u00fcr die Arbeit oder Freizeit, f\u00fcr firmeneigene Sportangebote oder auch f\u00fcr die gemeinsame Teilnahme der Firma an sportlichen Events. Gerne beraten und unterst\u00fctzen wir auch bei der Umsetzung von Vereinssponsoring.<\/p><p><strong>Intersport Grabert<\/strong>\u00a0 &#8211; ein starkes Team f\u00fcr erstklassige Vereine, Unternehmen und Einrichtungen<\/p>\t\t\t\t\t\t\t\t<\/div>\n\t\t\t\t<\/div>\n\t\t\t\t\t<\/div>\n\t\t\t\t<\/div>\n\t\t<div class=\"elementor-element elementor-element-7eb69e8 elementor-hidden-tablet elementor-hidden-mobile e-flex e-con-boxed e-con e-parent\" data-id=\"7eb69e8\" data-element_type=\"container\">\n\t\t\t\t\t<div class=\"e-con-inner\">\n\t\t\t\t<div class=\"elementor-element elementor-element-0b11e78 elementor-widget elementor-widget-heading\" data-id=\"0b11e78\" data-element_type=\"widget\" data-widget_type=\"heading.default\">\n\t\t\t\t<div class=\"elementor-widget-container\">\n\t\t\t\t\t<h4 class=\"elementor-heading-title elementor-size-default\">VIRTUELLER RUNDGANG<\/h4>\t\t\t\t<\/div>\n\t\t\t\t<\/div>\n\t\t\t\t<div class=\"elementor-element elementor-element-cf5313e elementor-widget elementor-widget-text-editor\" data-id=\"cf5313e\" data-element_type=\"widget\" data-widget_type=\"text-editor.default\">\n\t\t\t\t<div class=\"elementor-widget-container\">\n\t\t\t\t\t\t\t\t\t<p>Wirf einen Blick hinter die Kulissen \u2013 und erkunde unsere Ausstellungsfl\u00e4che ganz bequem online.<\/p>\t\t\t\t\t\t\t\t<\/div>\n\t\t\t\t<\/div>\n\t\t\t\t<div class=\"elementor-element elementor-element-807b3bc elementor-hidden-tablet elementor-hidden-mobile elementor-widget elementor-widget-shortcode\" data-id=\"807b3bc\" data-element_type=\"widget\" data-widget_type=\"shortcode.default\">\n\t\t\t\t<div class=\"elementor-widget-container\">\n\t\t\t\t\t\t\t<div class=\"elementor-shortcode\">\t\t<div data-elementor-type=\"container\" data-elementor-id=\"492\" class=\"elementor elementor-492\" data-elementor-post-type=\"elementor_library\">\n\t\t\t\t<div class=\"elementor-element elementor-element-b564c75 e-flex e-con-boxed e-con e-parent\" data-id=\"b564c75\" data-element_type=\"container\">\n\t\t\t\t\t<div class=\"e-con-inner\">\n\t\t\t\t<div class=\"elementor-element elementor-element-d503286 elementor-widget elementor-widget-html\" data-id=\"d503286\" data-element_type=\"widget\" data-widget_type=\"html.default\">\n\t\t\t\t<div class=\"elementor-widget-container\">\n\t\t\t\t\t <style>\r\n \r\n \r\n\r\n      #demo{\r\n                \/* comment for fixed dimentsions *\/\r\n                position: relative;\r\n                width: 1000px;\r\n                height: 650px;\r\n                margin: 0 auto;\r\n                overflow: hidden;\r\n                cursor: move; \/* fallback if grab cursor is unsupported *\/\r\n                cursor: grab;\r\n                cursor: -moz-grab;\r\n                cursor: -webkit-grab;\r\n            }\r\n            #demo:active { \r\n                cursor: grabbing;\r\n                cursor: -moz-grabbing;\r\n                cursor: -webkit-grabbing;\r\n            }\r\n <\/style>\r\n \r\n<div id=\"demo\"><\/div>\r\n\r\n<script src=\"https:\/\/staging.elated-lamarr.89-58-35-140.plesk.page\/test-clone\/nv360\/three.min.js\"><\/script>        \r\n        <script>\r\n            \r\n            \r\n\"use strict\";\r\nvar camera,\r\n        scene,\r\n        element = document.getElementById('demo'), \/\/ Inject scene into this\r\n        renderer,\r\n        onPointerDownPointerX,\r\n        onPointerDownPointerY,\r\n        onPointerDownLon,\r\n        onPointerDownLat,\r\n        fov = 70, \/\/ Field of View\r\n        isUserInteracting = false,\r\n        lon = 0,\r\n        lat = 0,\r\n        phi = 0,\r\n        theta = 0,\r\n        onMouseDownMouseX = 0,\r\n        onMouseDownMouseY = 0,\r\n        onMouseDownLon = 0,\r\n        onMouseDownLat = 0,\r\n        width =  1000,\r\n        height = 650, \/\/ int || window.innerHeight\r\n        ratio = width \/ height;\r\nvar texture = THREE.ImageUtils.loadTexture('https:\/\/staging.elated-lamarr.89-58-35-140.plesk.page\/test-clone\/nv360\/bild1.jpg', new THREE.UVMapping(), function() {\r\n    init();\r\n    animate();\r\n});\r\nfunction init() {\r\n    camera = new THREE.PerspectiveCamera(fov, ratio, 1, 1000);\r\n    scene = new THREE.Scene();\r\n    var mesh = new THREE.Mesh(new THREE.SphereGeometry(500, 60, 40), new THREE.MeshBasicMaterial({map: texture}));\r\n    mesh.scale.x = -1;\r\n    scene.add(mesh);\r\n    renderer = new THREE.WebGLRenderer({antialias: true});\r\n    renderer.setSize(width, height);\r\n    element.appendChild(renderer.domElement);\r\n    element.addEventListener('mousedown', onDocumentMouseDown, false);\r\n    element.addEventListener('mousewheel', onDocumentMouseWheel, false);\r\n    element.addEventListener('DOMMouseScroll', onDocumentMouseWheel, false);\r\n    window.addEventListener('resize', onWindowResized, false);\r\n    onWindowResized(null);\r\n}\r\nfunction onWindowResized(event) {\r\n\/\/    renderer.setSize(window.innerWidth, window.innerHeight);\r\n\/\/    camera.projectionMatrix.makePerspective(fov, window.innerWidth \/ window.innerHeight, 1, 1100);\r\n    renderer.setSize(width, height);\r\n    camera.projectionMatrix.makePerspective(fov, ratio, 1, 1100);\r\n}\r\nfunction onDocumentMouseDown(event) {\r\n    event.preventDefault();\r\n    onPointerDownPointerX = event.clientX;\r\n    onPointerDownPointerY = event.clientY;\r\n    onPointerDownLon = lon;\r\n    onPointerDownLat = lat;\r\n    isUserInteracting = true;\r\n    element.addEventListener('mousemove', onDocumentMouseMove, false);\r\n    element.addEventListener('mouseup', onDocumentMouseUp, false);\r\n}\r\nfunction onDocumentMouseMove(event) {\r\n    lon = (event.clientX - onPointerDownPointerX) * -0.175 + onPointerDownLon;\r\n    lat = (event.clientY - onPointerDownPointerY) * -0.175 + onPointerDownLat;\r\n}\r\nfunction onDocumentMouseUp(event) {\r\n    isUserInteracting = false;\r\n    element.removeEventListener('mousemove', onDocumentMouseMove, false);\r\n    element.removeEventListener('mouseup', onDocumentMouseUp, false);\r\n}\r\nfunction onDocumentMouseWheel(event) {\r\n    \/\/ WebKit\r\n    if (event.wheelDeltaY) {\r\n        fov -= event.wheelDeltaY * 0.05;\r\n        \/\/ Opera \/ Explorer 9\r\n    } else if (event.wheelDelta) {\r\n        fov -= event.wheelDelta * 0.05;\r\n        \/\/ Firefox\r\n    } else if (event.detail) {\r\n        fov += event.detail * 1.0;\r\n    }\r\n    if (fov < 45 || fov > 90) {\r\n        fov = (fov < 45) ? 45 : 90;\r\n    }\r\n    camera.projectionMatrix.makePerspective(fov, ratio, 1, 1100);\r\n}\r\nfunction animate() {\r\n    requestAnimationFrame(animate);\r\n    render();\r\n}\r\nfunction render() {\r\n    if (isUserInteracting === false) {\r\n        lon += .05;\r\n    }\r\n    lat = Math.max(-85, Math.min(85, lat));\r\n    phi = THREE.Math.degToRad(90 - lat);\r\n    theta = THREE.Math.degToRad(lon);\r\n    camera.position.x = 100 * Math.sin(phi) * Math.cos(theta);\r\n    camera.position.y = 100 * Math.cos(phi);\r\n    camera.position.z = 100 * Math.sin(phi) * Math.sin(theta);\r\n    var log = (\"x: \" + camera.position.x);\r\n    log = log + (\"<br\/>y: \" + camera.position.y);\r\n    log = log + (\"<br\/>z: \" + camera.position.z);\r\n    log = log + (\"<br\/>fov: \" + fov);\r\n    \/\/ document.getElementById('log').innerHTML = log;\r\n    camera.lookAt(scene.position);\r\n    renderer.render(scene, camera);\r\n}\r\n\r\n            \r\n            \r\n            \r\n        <\/script>  \r\n\t\t\t\t<\/div>\n\t\t\t\t<\/div>\n\t\t\t\t\t<\/div>\n\t\t\t\t<\/div>\n\t\t\t\t<\/div>\n\t\t<\/div>\n\t\t\t\t\t\t<\/div>\n\t\t\t\t<\/div>\n\t\t\t\t\t<\/div>\n\t\t\t\t<\/div>\n\t\t<div class=\"elementor-element elementor-element-5eb149a e-flex e-con-boxed e-con e-parent\" data-id=\"5eb149a\" data-element_type=\"container\">\n\t\t\t\t\t<div class=\"e-con-inner\">\n\t\t\t\t\t<\/div>\n\t\t\t\t<\/div>\n\t\t<div class=\"elementor-element elementor-element-4f609a9 e-flex e-con-boxed e-con e-parent\" data-id=\"4f609a9\" data-element_type=\"container\">\n\t\t\t\t\t<div class=\"e-con-inner\">\n\t\t\t\t<div class=\"elementor-element elementor-element-32d2588 elementor-widget elementor-widget-spacer\" data-id=\"32d2588\" data-element_type=\"widget\" data-widget_type=\"spacer.default\">\n\t\t\t\t<div class=\"elementor-widget-container\">\n\t\t\t\t\t\t\t<div class=\"elementor-spacer\">\n\t\t\t<div class=\"elementor-spacer-inner\"><\/div>\n\t\t<\/div>\n\t\t\t\t\t\t<\/div>\n\t\t\t\t<\/div>\n\t\t\t\t\t<\/div>\n\t\t\t\t<\/div>\n\t\t\t\t<\/div>\n\t\t","protected":false},"excerpt":{"rendered":"<p>\u00dcBER UNS Gemeinsam von Sieg zu Sieg! Mit unserer fachlichen Expertise unterst\u00fctzen und beraten wir Vereine bei allem rund um Sportbekleidung und -ausr\u00fcstung, sodass sie sich voll und ganz auf ihre Leidenschaft konzentrieren k\u00f6nnen und sich nicht mit Nebens\u00e4chlichem besch\u00e4ftigen m\u00fcssen. Dank unserem exklusiven Service k\u00f6nnen sich die immer weniger werdenden ehrenamtlichen Vereinsmitglieder somit wichtigeren [&hellip;]<\/p>\n","protected":false},"author":3,"featured_media":0,"parent":0,"menu_order":0,"comment_status":"closed","ping_status":"closed","template":"elementor_header_footer","meta":{"_acf_changed":false,"footnotes":""},"class_list":["post-67","page","type-page","status-publish","hentry"],"acf":[],"_links":{"self":[{"href":"https:\/\/staging.elated-lamarr.89-58-35-140.plesk.page\/test-clone\/wp-json\/wp\/v2\/pages\/67","targetHints":{"allow":["GET"]}}],"collection":[{"href":"https:\/\/staging.elated-lamarr.89-58-35-140.plesk.page\/test-clone\/wp-json\/wp\/v2\/pages"}],"about":[{"href":"https:\/\/staging.elated-lamarr.89-58-35-140.plesk.page\/test-clone\/wp-json\/wp\/v2\/types\/page"}],"author":[{"embeddable":true,"href":"https:\/\/staging.elated-lamarr.89-58-35-140.plesk.page\/test-clone\/wp-json\/wp\/v2\/users\/3"}],"replies":[{"embeddable":true,"href":"https:\/\/staging.elated-lamarr.89-58-35-140.plesk.page\/test-clone\/wp-json\/wp\/v2\/comments?post=67"}],"version-history":[{"count":100,"href":"https:\/\/staging.elated-lamarr.89-58-35-140.plesk.page\/test-clone\/wp-json\/wp\/v2\/pages\/67\/revisions"}],"predecessor-version":[{"id":552,"href":"https:\/\/staging.elated-lamarr.89-58-35-140.plesk.page\/test-clone\/wp-json\/wp\/v2\/pages\/67\/revisions\/552"}],"wp:attachment":[{"href":"https:\/\/staging.elated-lamarr.89-58-35-140.plesk.page\/test-clone\/wp-json\/wp\/v2\/media?parent=67"}],"curies":[{"name":"wp","href":"https:\/\/api.w.org\/{rel}","templated":true}]}}