{"id":353,"date":"2024-06-25T18:18:59","date_gmt":"2024-06-25T18:18:59","guid":{"rendered":"https:\/\/sport-grabert.de\/?page_id=353"},"modified":"2024-06-25T18:22:17","modified_gmt":"2024-06-25T18:22:17","slug":"impressum","status":"publish","type":"page","link":"https:\/\/staging.elated-lamarr.89-58-35-140.plesk.page\/test-clone\/impressum\/","title":{"rendered":"Impressum"},"content":{"rendered":"\t\t<div data-elementor-type=\"wp-page\" data-elementor-id=\"353\" class=\"elementor elementor-353\" data-elementor-post-type=\"page\">\n\t\t\t\t<div class=\"elementor-element elementor-element-8c73a97 e-flex e-con-boxed e-con e-parent\" data-id=\"8c73a97\" data-element_type=\"container\">\n\t\t\t\t\t<div class=\"e-con-inner\">\n\t\t\t\t<div class=\"elementor-element elementor-element-de5be1b elementor-widget elementor-widget-heading\" data-id=\"de5be1b\" data-element_type=\"widget\" data-widget_type=\"heading.default\">\n\t\t\t\t<div class=\"elementor-widget-container\">\n\t\t\t\t\t<h2 class=\"elementor-heading-title elementor-size-default\">IMPRESSUM<\/h2>\t\t\t\t<\/div>\n\t\t\t\t<\/div>\n\t\t\t\t<div class=\"elementor-element elementor-element-9920cad elementor-widget elementor-widget-text-editor\" data-id=\"9920cad\" data-element_type=\"widget\" data-widget_type=\"text-editor.default\">\n\t\t\t\t<div class=\"elementor-widget-container\">\n\t\t\t\t\t\t\t\t\t<p>Impressum gem. \u00a75 DDG<\/p><p><br \/><strong>Grabert Sport GmbH &amp; Co. KG<\/strong><br \/>Austra\u00dfe 5<br \/>74613 \u00d6hringen <br \/>Deutschland<\/p><p><br \/>Tel: 07941 &#8211; 92 81 &#8211; 20<br \/>E-Mail: info@intersport-grabert.de<\/p><p><br \/><strong>Registereintrag<\/strong><br \/>Handelsregister AG Stuttgart HRA 724834<br \/><br \/><strong>Vertreten durch<\/strong><br \/>Grabert Verwaltungs-GmbH \u00d6hringen (Amtsgericht Stuttgart HRB 743738) vertreten durch die Gesch\u00e4ftsfu\u0308hrer Dieter und Thomas Grabert<br \/><br \/><strong>Umsatzsteuer-Identifikationsnummer gem\u00e4\u00df \u00a727a Umsatzsteuergesetz:<\/strong><br \/>USt-IdNr.:DE815148603<br \/><br \/><strong>Verantwortlich im Sinne des \u00a718 Abs. 1 MStV:<\/strong><br \/>Thomas Grabert Austra\u00dfe 5<br \/>74613 \u00d6hringen Deutschland<br \/><br \/><strong>Haftungsausschluss<\/strong><br \/>Die Grabert Sport GmbH &amp; Co. KG u\u0308bernimmt keinerlei Gew\u00e4hr fu\u0308r die Aktualit\u00e4t, Korrektheit, Vollst\u00e4ndigkeit oder Qualit\u00e4t der bereitgestellten Informationen. Haftungsanspru\u0308che gegen die Grabert Sport GmbH &amp; Co. KG, welche sich auf Sch\u00e4den materieller oder ideeller Art beziehen, die durch die Nutzung oder Nichtnutzung der dargebotenen Informationen bzw. durch die Nutzung fehlerhafter und unvollst\u00e4ndiger Informationen verursacht wurden, sind grunds\u00e4tzlich ausgeschlossen, sofern seitens der Grabert Sport GmbH &amp; Co. KG kein nachweislich vors\u00e4tzliches oder grob fahrl\u00e4ssiges Verschulden vorliegt.<\/p><p><br \/><strong>Schlichtung<\/strong><br \/>Die Europ\u00e4ische Kommission stellt eine Plattform zur Online-Streitbeilegung (OS) bereit, die Sie unter <a href=\"https:\/\/ec.europa.eu\/consumers\/odr\/main\/index.cfm?event=main.home.chooseLanguage\">http:\/\/ec.europa.eu\/consumers\/odr\/<\/a> finden. Zur Teilnahme an einem Streitbeilegungsverfahren vor einer Verbraucherschlichtungsstelle sind wir nicht verpflichtet und grunds\u00e4tzlich nicht bereit.<\/p>\t\t\t\t\t\t\t\t<\/div>\n\t\t\t\t<\/div>\n\t\t\t\t\t<\/div>\n\t\t\t\t<\/div>\n\t\t\t\t<\/div>\n\t\t","protected":false},"excerpt":{"rendered":"<p>IMPRESSUM Impressum gem. \u00a75 DDG Grabert Sport GmbH &amp; Co. KGAustra\u00dfe 574613 \u00d6hringen Deutschland Tel: 07941 &#8211; 92 81 &#8211; 20E-Mail: info@intersport-grabert.de RegistereintragHandelsregister AG Stuttgart HRA 724834 Vertreten durchGrabert Verwaltungs-GmbH \u00d6hringen (Amtsgericht Stuttgart HRB 743738) vertreten durch die Gesch\u00e4ftsfu\u0308hrer Dieter und Thomas Grabert Umsatzsteuer-Identifikationsnummer gem\u00e4\u00df \u00a727a Umsatzsteuergesetz:USt-IdNr.:DE815148603 Verantwortlich im Sinne des \u00a718 Abs. 1 MStV:Thomas [&hellip;]<\/p>\n","protected":false},"author":3,"featured_media":0,"parent":0,"menu_order":0,"comment_status":"closed","ping_status":"closed","template":"","meta":{"_acf_changed":false,"footnotes":""},"class_list":["post-353","page","type-page","status-publish","hentry"],"acf":[],"_links":{"self":[{"href":"https:\/\/staging.elated-lamarr.89-58-35-140.plesk.page\/test-clone\/wp-json\/wp\/v2\/pages\/353","targetHints":{"allow":["GET"]}}],"collection":[{"href":"https:\/\/staging.elated-lamarr.89-58-35-140.plesk.page\/test-clone\/wp-json\/wp\/v2\/pages"}],"about":[{"href":"https:\/\/staging.elated-lamarr.89-58-35-140.plesk.page\/test-clone\/wp-json\/wp\/v2\/types\/page"}],"author":[{"embeddable":true,"href":"https:\/\/staging.elated-lamarr.89-58-35-140.plesk.page\/test-clone\/wp-json\/wp\/v2\/users\/3"}],"replies":[{"embeddable":true,"href":"https:\/\/staging.elated-lamarr.89-58-35-140.plesk.page\/test-clone\/wp-json\/wp\/v2\/comments?post=353"}],"version-history":[{"count":4,"href":"https:\/\/staging.elated-lamarr.89-58-35-140.plesk.page\/test-clone\/wp-json\/wp\/v2\/pages\/353\/revisions"}],"predecessor-version":[{"id":357,"href":"https:\/\/staging.elated-lamarr.89-58-35-140.plesk.page\/test-clone\/wp-json\/wp\/v2\/pages\/353\/revisions\/357"}],"wp:attachment":[{"href":"https:\/\/staging.elated-lamarr.89-58-35-140.plesk.page\/test-clone\/wp-json\/wp\/v2\/media?parent=353"}],"curies":[{"name":"wp","href":"https:\/\/api.w.org\/{rel}","templated":true}]}}