{"id":18,"date":"2024-04-17T18:01:50","date_gmt":"2024-04-17T18:01:50","guid":{"rendered":"https:\/\/elated-lamarr.89-58-35-140.plesk.page\/?page_id=18"},"modified":"2024-06-30T10:29:10","modified_gmt":"2024-06-30T10:29:10","slug":"startseite","status":"publish","type":"page","link":"https:\/\/staging.elated-lamarr.89-58-35-140.plesk.page\/test-clone\/","title":{"rendered":"Startseite"},"content":{"rendered":"\t\t<div data-elementor-type=\"wp-page\" data-elementor-id=\"18\" class=\"elementor elementor-18\" data-elementor-post-type=\"page\">\n\t\t\t\t<div class=\"elementor-element elementor-element-0791cf9 e-con-full e-flex e-con e-parent\" data-id=\"0791cf9\" data-element_type=\"container\" data-settings=\"{&quot;background_background&quot;:&quot;slideshow&quot;,&quot;background_slideshow_gallery&quot;:[{&quot;id&quot;:358,&quot;url&quot;:&quot;https:\\\/\\\/staging.elated-lamarr.89-58-35-140.plesk.page\\\/test-clone\\\/wp-content\\\/uploads\\\/2024\\\/06\\\/startseite-banner-berge.jpg&quot;}],&quot;background_slideshow_loop&quot;:&quot;yes&quot;,&quot;background_slideshow_slide_duration&quot;:5000,&quot;background_slideshow_slide_transition&quot;:&quot;fade&quot;,&quot;background_slideshow_transition_duration&quot;:500}\">\n\t\t<div class=\"elementor-element elementor-element-80c8c20 e-flex e-con-boxed e-con e-child\" data-id=\"80c8c20\" data-element_type=\"container\">\n\t\t\t\t\t<div class=\"e-con-inner\">\n\t\t<div class=\"elementor-element elementor-element-21970c0 e-con-full e-flex e-con e-child\" data-id=\"21970c0\" data-element_type=\"container\">\n\t\t<div class=\"elementor-element elementor-element-1303eb7 e-flex e-con-boxed e-con e-child\" data-id=\"1303eb7\" data-element_type=\"container\">\n\t\t\t\t\t<div class=\"e-con-inner\">\n\t\t\t\t<div class=\"elementor-element elementor-element-09709a2 elementor-widget elementor-widget-heading\" data-id=\"09709a2\" data-element_type=\"widget\" data-widget_type=\"heading.default\">\n\t\t\t\t<div class=\"elementor-widget-container\">\n\t\t\t\t\t<h2 class=\"elementor-heading-title elementor-size-default\">Willkommen bei Intersport Grabert.<\/br>\nFinde alles, was du f\u00fcr <font color = \"#E30614\">deinen Sport <\/font>brauchst!<\/h2>\t\t\t\t<\/div>\n\t\t\t\t<\/div>\n\t\t\t\t<div class=\"elementor-element elementor-element-5caae1b elementor-widget elementor-widget-text-editor\" data-id=\"5caae1b\" data-element_type=\"widget\" data-widget_type=\"text-editor.default\">\n\t\t\t\t<div class=\"elementor-widget-container\">\n\t\t\t\t\t\t\t\t\tEntdecke unsere vielf\u00e4ltige Auswahl an Sportartikeln und Teambekleidung <br>\nund finde die perfekte Ausr\u00fcstung, um deine Ziele zu erreichen:\t\t\t\t\t\t\t\t<\/div>\n\t\t\t\t<\/div>\n\t\t<div class=\"elementor-element elementor-element-f9fe384 e-grid e-con-boxed e-con e-child\" data-id=\"f9fe384\" data-element_type=\"container\">\n\t\t\t\t\t<div class=\"e-con-inner\">\n\t\t<div class=\"elementor-element elementor-element-6f7393b e-flex e-con-boxed e-con e-child\" data-id=\"6f7393b\" data-element_type=\"container\" data-settings=\"{&quot;background_background&quot;:&quot;classic&quot;}\">\n\t\t\t\t\t<div class=\"e-con-inner\">\n\t\t\t\t<div class=\"elementor-element elementor-element-cb52664 elementor-widget elementor-widget-image\" data-id=\"cb52664\" data-element_type=\"widget\" data-widget_type=\"image.default\">\n\t\t\t\t<div class=\"elementor-widget-container\">\n\t\t\t\t\t\t\t\t\t\t\t\t\t\t\t\t<a href=\"https:\/\/www.intersport.de\/haendlersuche\/sportgeschaefte-baden-wuerttemberg\/74613-oehringen-intersport-grabert\/\" target=\"_blank\">\n\t\t\t\t\t\t\t<img fetchpriority=\"high\" decoding=\"async\" width=\"300\" height=\"180\" src=\"https:\/\/staging.elated-lamarr.89-58-35-140.plesk.page\/test-clone\/wp-content\/uploads\/sites\/10\/2024\/06\/intersport-grabert-logo-300x180.png\" class=\"attachment-medium size-medium wp-image-429\" alt=\"\" srcset=\"https:\/\/staging.elated-lamarr.89-58-35-140.plesk.page\/test-clone\/wp-content\/uploads\/sites\/10\/2024\/06\/intersport-grabert-logo-300x180.png 300w, https:\/\/staging.elated-lamarr.89-58-35-140.plesk.page\/test-clone\/wp-content\/uploads\/sites\/10\/2024\/06\/intersport-grabert-logo.png 500w\" sizes=\"(max-width: 300px) 100vw, 300px\" \/>\t\t\t\t\t\t\t\t<\/a>\n\t\t\t\t\t\t\t\t\t\t\t\t\t\t\t<\/div>\n\t\t\t\t<\/div>\n\t\t\t\t<div class=\"elementor-element elementor-element-a854d13 elementor-align-center elementor-widget elementor-widget-button\" data-id=\"a854d13\" data-element_type=\"widget\" data-widget_type=\"button.default\">\n\t\t\t\t<div class=\"elementor-widget-container\">\n\t\t\t\t\t\t\t\t\t<div class=\"elementor-button-wrapper\">\n\t\t\t\t\t<a class=\"elementor-button elementor-button-link elementor-size-sm\" href=\"https:\/\/www.intersport.de\/haendlersuche\/sportgeschaefte-baden-wuerttemberg\/74613-oehringen-intersport-grabert\/\">\n\t\t\t\t\t\t<span class=\"elementor-button-content-wrapper\">\n\t\t\t\t\t\t<span class=\"elementor-button-icon\">\n\t\t\t\t<svg aria-hidden=\"true\" class=\"e-font-icon-svg e-fas-arrow-left\" viewBox=\"0 0 448 512\" xmlns=\"http:\/\/www.w3.org\/2000\/svg\"><path d=\"M257.5 445.1l-22.2 22.2c-9.4 9.4-24.6 9.4-33.9 0L7 273c-9.4-9.4-9.4-24.6 0-33.9L201.4 44.7c9.4-9.4 24.6-9.4 33.9 0l22.2 22.2c9.5 9.5 9.3 25-.4 34.3L136.6 216H424c13.3 0 24 10.7 24 24v32c0 13.3-10.7 24-24 24H136.6l120.5 114.8c9.8 9.3 10 24.8.4 34.3z\"><\/path><\/svg>\t\t\t<\/span>\n\t\t\t\t\t\t\t\t\t<span class=\"elementor-button-text\">Hier gehts zu Intersport Grabert<\/span>\n\t\t\t\t\t<\/span>\n\t\t\t\t\t<\/a>\n\t\t\t\t<\/div>\n\t\t\t\t\t\t\t\t<\/div>\n\t\t\t\t<\/div>\n\t\t\t\t\t<\/div>\n\t\t\t\t<\/div>\n\t\t<div class=\"elementor-element elementor-element-305c131 e-flex e-con-boxed e-con e-child\" data-id=\"305c131\" data-element_type=\"container\" data-settings=\"{&quot;background_background&quot;:&quot;classic&quot;}\">\n\t\t\t\t\t<div class=\"e-con-inner\">\n\t\t\t\t<div class=\"elementor-element elementor-element-a9f037c elementor-widget elementor-widget-image\" data-id=\"a9f037c\" data-element_type=\"widget\" data-widget_type=\"image.default\">\n\t\t\t\t<div class=\"elementor-widget-container\">\n\t\t\t\t\t\t\t\t\t\t\t\t\t\t\t\t<a href=\"https:\/\/staging.elated-lamarr.89-58-35-140.plesk.page\/test-clone\/vereinsshops\/\">\n\t\t\t\t\t\t\t<img decoding=\"async\" width=\"300\" height=\"180\" src=\"https:\/\/staging.elated-lamarr.89-58-35-140.plesk.page\/test-clone\/wp-content\/uploads\/sites\/10\/2024\/06\/teamshop89-grabert-logo-300x180.png\" class=\"attachment-medium size-medium wp-image-430\" alt=\"\" srcset=\"https:\/\/staging.elated-lamarr.89-58-35-140.plesk.page\/test-clone\/wp-content\/uploads\/sites\/10\/2024\/06\/teamshop89-grabert-logo-300x180.png 300w, https:\/\/staging.elated-lamarr.89-58-35-140.plesk.page\/test-clone\/wp-content\/uploads\/sites\/10\/2024\/06\/teamshop89-grabert-logo.png 500w\" sizes=\"(max-width: 300px) 100vw, 300px\" \/>\t\t\t\t\t\t\t\t<\/a>\n\t\t\t\t\t\t\t\t\t\t\t\t\t\t\t<\/div>\n\t\t\t\t<\/div>\n\t\t\t\t<div class=\"elementor-element elementor-element-ee0cf7a elementor-align-center elementor-widget elementor-widget-button\" data-id=\"ee0cf7a\" data-element_type=\"widget\" data-widget_type=\"button.default\">\n\t\t\t\t<div class=\"elementor-widget-container\">\n\t\t\t\t\t\t\t\t\t<div class=\"elementor-button-wrapper\">\n\t\t\t\t\t<a class=\"elementor-button elementor-button-link elementor-size-sm\" href=\"https:\/\/staging.elated-lamarr.89-58-35-140.plesk.page\/test-clone\/vereinsshops\/\">\n\t\t\t\t\t\t<span class=\"elementor-button-content-wrapper\">\n\t\t\t\t\t\t<span class=\"elementor-button-icon\">\n\t\t\t\t<svg aria-hidden=\"true\" class=\"e-font-icon-svg e-fas-arrow-right\" viewBox=\"0 0 448 512\" xmlns=\"http:\/\/www.w3.org\/2000\/svg\"><path d=\"M190.5 66.9l22.2-22.2c9.4-9.4 24.6-9.4 33.9 0L441 239c9.4 9.4 9.4 24.6 0 33.9L246.6 467.3c-9.4 9.4-24.6 9.4-33.9 0l-22.2-22.2c-9.5-9.5-9.3-25 .4-34.3L311.4 296H24c-13.3 0-24-10.7-24-24v-32c0-13.3 10.7-24 24-24h287.4L190.9 101.2c-9.8-9.3-10-24.8-.4-34.3z\"><\/path><\/svg>\t\t\t<\/span>\n\t\t\t\t\t\t\t\t\t<span class=\"elementor-button-text\">Hier gehts zum Teamshop89<\/span>\n\t\t\t\t\t<\/span>\n\t\t\t\t\t<\/a>\n\t\t\t\t<\/div>\n\t\t\t\t\t\t\t\t<\/div>\n\t\t\t\t<\/div>\n\t\t\t\t\t<\/div>\n\t\t\t\t<\/div>\n\t\t\t\t\t<\/div>\n\t\t\t\t<\/div>\n\t\t\t\t\t<\/div>\n\t\t\t\t<\/div>\n\t\t\t\t<\/div>\n\t\t\t\t\t<\/div>\n\t\t\t\t<\/div>\n\t\t\t\t<\/div>\n\t\t\t\t<\/div>\n\t\t","protected":false},"excerpt":{"rendered":"<p>Willkommen bei Intersport Grabert. Finde alles, was du f\u00fcr deinen Sport brauchst! Entdecke unsere vielf\u00e4ltige Auswahl an Sportartikeln und Teambekleidung und finde die perfekte Ausr\u00fcstung, um deine Ziele zu erreichen: Hier gehts zu Intersport Grabert Hier gehts zum Teamshop89<\/p>\n","protected":false},"author":3,"featured_media":0,"parent":0,"menu_order":0,"comment_status":"closed","ping_status":"closed","template":"","meta":{"_acf_changed":false,"footnotes":""},"class_list":["post-18","page","type-page","status-publish","hentry"],"acf":[],"_links":{"self":[{"href":"https:\/\/staging.elated-lamarr.89-58-35-140.plesk.page\/test-clone\/wp-json\/wp\/v2\/pages\/18","targetHints":{"allow":["GET"]}}],"collection":[{"href":"https:\/\/staging.elated-lamarr.89-58-35-140.plesk.page\/test-clone\/wp-json\/wp\/v2\/pages"}],"about":[{"href":"https:\/\/staging.elated-lamarr.89-58-35-140.plesk.page\/test-clone\/wp-json\/wp\/v2\/types\/page"}],"author":[{"embeddable":true,"href":"https:\/\/staging.elated-lamarr.89-58-35-140.plesk.page\/test-clone\/wp-json\/wp\/v2\/users\/3"}],"replies":[{"embeddable":true,"href":"https:\/\/staging.elated-lamarr.89-58-35-140.plesk.page\/test-clone\/wp-json\/wp\/v2\/comments?post=18"}],"version-history":[{"count":82,"href":"https:\/\/staging.elated-lamarr.89-58-35-140.plesk.page\/test-clone\/wp-json\/wp\/v2\/pages\/18\/revisions"}],"predecessor-version":[{"id":434,"href":"https:\/\/staging.elated-lamarr.89-58-35-140.plesk.page\/test-clone\/wp-json\/wp\/v2\/pages\/18\/revisions\/434"}],"wp:attachment":[{"href":"https:\/\/staging.elated-lamarr.89-58-35-140.plesk.page\/test-clone\/wp-json\/wp\/v2\/media?parent=18"}],"curies":[{"name":"wp","href":"https:\/\/api.w.org\/{rel}","templated":true}]}}