{"id":442,"date":"2024-06-25T16:13:27","date_gmt":"2024-06-25T14:13:27","guid":{"rendered":"https:\/\/sport-grabert.de\/sgvhochdorf\/?post_type=product&#038;p=442"},"modified":"2024-07-06T10:10:36","modified_gmt":"2024-07-06T08:10:36","slug":"six-wings-rucksack","status":"publish","type":"product","link":"https:\/\/staging.elated-lamarr.89-58-35-140.plesk.page\/sgvhochdorf\/produkt\/six-wings-rucksack\/","title":{"rendered":"SIX WINGS Rucksack"},"content":{"rendered":"<p>Perfekt f\u00fcr jede Sportart: Das ger\u00e4umige Hauptfach sowie das separate Bodenfach bieten ausreichend Platz f\u00fcr dein ben\u00f6tigtes Equipment.<\/p>\n<ul>\n<li>Neu aufgelegt: Der Nachfolger des CLUB 5 Rucksacks kommt mit dem gleichen Aufbau und Material sowie einem leicht ge\u00e4nderten Design mit modernem SIX WINGS Print<\/li>\n<li>Ger\u00e4umiges Hauptfach mit Doppel-Rei\u00dfverschluss<\/li>\n<li>Seitliche Taschen aus Mesh-Material<\/li>\n<li>Individuell verstellbare Gummikordel an der Front<\/li>\n<li>Gepolsterte Schultergurte<\/li>\n<li>Abnehmbare Balltasche aus Meshmaterial<\/li>\n<li>Bodenfach zur separaten Aufbewahrung von Schuhen<\/li>\n<\/ul>\n","protected":false},"excerpt":{"rendered":"<p>Rucksack<\/p>\n","protected":false},"featured_media":444,"template":"","meta":[],"product_brand":[],"product_cat":[74],"product_tag":[],"class_list":{"0":"post-442","1":"product","2":"type-product","3":"status-publish","4":"has-post-thumbnail","6":"product_cat-accessoires","8":"first","9":"instock","10":"taxable","11":"shipping-taxable","12":"purchasable","13":"product-type-simple"},"_links":{"self":[{"href":"https:\/\/staging.elated-lamarr.89-58-35-140.plesk.page\/sgvhochdorf\/wp-json\/wp\/v2\/product\/442","targetHints":{"allow":["GET"]}}],"collection":[{"href":"https:\/\/staging.elated-lamarr.89-58-35-140.plesk.page\/sgvhochdorf\/wp-json\/wp\/v2\/product"}],"about":[{"href":"https:\/\/staging.elated-lamarr.89-58-35-140.plesk.page\/sgvhochdorf\/wp-json\/wp\/v2\/types\/product"}],"wp:featuredmedia":[{"embeddable":true,"href":"https:\/\/staging.elated-lamarr.89-58-35-140.plesk.page\/sgvhochdorf\/wp-json\/wp\/v2\/media\/444"}],"wp:attachment":[{"href":"https:\/\/staging.elated-lamarr.89-58-35-140.plesk.page\/sgvhochdorf\/wp-json\/wp\/v2\/media?parent=442"}],"wp:term":[{"taxonomy":"product_brand","embeddable":true,"href":"https:\/\/staging.elated-lamarr.89-58-35-140.plesk.page\/sgvhochdorf\/wp-json\/wp\/v2\/product_brand?post=442"},{"taxonomy":"product_cat","embeddable":true,"href":"https:\/\/staging.elated-lamarr.89-58-35-140.plesk.page\/sgvhochdorf\/wp-json\/wp\/v2\/product_cat?post=442"},{"taxonomy":"product_tag","embeddable":true,"href":"https:\/\/staging.elated-lamarr.89-58-35-140.plesk.page\/sgvhochdorf\/wp-json\/wp\/v2\/product_tag?post=442"}],"curies":[{"name":"wp","href":"https:\/\/api.w.org\/{rel}","templated":true}]}}