{"id":429,"date":"2024-06-25T16:08:34","date_gmt":"2024-06-25T14:08:34","guid":{"rendered":"https:\/\/sport-grabert.de\/sgvhochdorf\/?post_type=product&#038;p=429"},"modified":"2024-07-06T10:14:57","modified_gmt":"2024-07-06T08:14:57","slug":"elemental-tight-lang","status":"publish","type":"product","link":"https:\/\/staging.elated-lamarr.89-58-35-140.plesk.page\/sgvhochdorf\/produkt\/elemental-tight-lang\/","title":{"rendered":"Elemental Tight lang"},"content":{"rendered":"<p>Dein unerm\u00fcdlicher Support im Training und im Spiel.<\/p>\n<ul>\n<li>Body-Mapping sorgt f\u00fcr ein optimales K\u00f6rperklima<\/li>\n<li>Geruchshemmende Wirkung<\/li>\n<li>Nahtlose Konstruktion verhindert Reibung am K\u00f6rper<\/li>\n<li>Schnelltrocknend, pflegeleicht und \u00e4u\u00dferst strapazierf\u00e4hig<\/li>\n<li>Hautfreundliches Tragegef\u00fchl durch extrem hochwertigen, weichen Materialmix<\/li>\n<\/ul>\n","protected":false},"excerpt":{"rendered":"<p>Tight lang<\/p>\n","protected":false},"featured_media":440,"template":"","meta":[],"product_brand":[],"product_cat":[72,73],"product_tag":[],"class_list":{"0":"post-429","1":"product","2":"type-product","3":"status-publish","4":"has-post-thumbnail","6":"product_cat-herren","7":"product_cat-kinder","9":"first","10":"instock","11":"taxable","12":"shipping-taxable","13":"purchasable","14":"product-type-variable"},"_links":{"self":[{"href":"https:\/\/staging.elated-lamarr.89-58-35-140.plesk.page\/sgvhochdorf\/wp-json\/wp\/v2\/product\/429","targetHints":{"allow":["GET"]}}],"collection":[{"href":"https:\/\/staging.elated-lamarr.89-58-35-140.plesk.page\/sgvhochdorf\/wp-json\/wp\/v2\/product"}],"about":[{"href":"https:\/\/staging.elated-lamarr.89-58-35-140.plesk.page\/sgvhochdorf\/wp-json\/wp\/v2\/types\/product"}],"wp:featuredmedia":[{"embeddable":true,"href":"https:\/\/staging.elated-lamarr.89-58-35-140.plesk.page\/sgvhochdorf\/wp-json\/wp\/v2\/media\/440"}],"wp:attachment":[{"href":"https:\/\/staging.elated-lamarr.89-58-35-140.plesk.page\/sgvhochdorf\/wp-json\/wp\/v2\/media?parent=429"}],"wp:term":[{"taxonomy":"product_brand","embeddable":true,"href":"https:\/\/staging.elated-lamarr.89-58-35-140.plesk.page\/sgvhochdorf\/wp-json\/wp\/v2\/product_brand?post=429"},{"taxonomy":"product_cat","embeddable":true,"href":"https:\/\/staging.elated-lamarr.89-58-35-140.plesk.page\/sgvhochdorf\/wp-json\/wp\/v2\/product_cat?post=429"},{"taxonomy":"product_tag","embeddable":true,"href":"https:\/\/staging.elated-lamarr.89-58-35-140.plesk.page\/sgvhochdorf\/wp-json\/wp\/v2\/product_tag?post=429"}],"curies":[{"name":"wp","href":"https:\/\/api.w.org\/{rel}","templated":true}]}}