{"id":241,"date":"2024-06-25T09:01:23","date_gmt":"2024-06-25T07:01:23","guid":{"rendered":"https:\/\/sport-grabert.de\/sgvhochdorf\/?post_type=product&#038;p=241"},"modified":"2024-08-23T12:06:16","modified_gmt":"2024-08-23T10:06:16","slug":"racing-runningjacke-da","status":"publish","type":"product","link":"https:\/\/staging.elated-lamarr.89-58-35-140.plesk.page\/sgvhochdorf\/produkt\/racing-runningjacke-da\/","title":{"rendered":"RACING Runningjacke Da."},"content":{"rendered":"<p>Leichte, wasserabweisende Laufjacke mit vielen praktischen Extras.<\/p>\n<ul>\n<li>Sehr leichtes, wasserabweisendes Funktionsmaterial<\/li>\n<li>Seitliche Rei\u00dfverschlusstaschen<\/li>\n<li>Reflektierende Elemente an den \u00c4rmeln und auf der R\u00fcckseite am Saum<\/li>\n<li>Rei\u00dfverschluss mit Kinnschutz<\/li>\n<li>Hoher Kragen mit Kapuze<\/li>\n<li>Strukturiertes Obermaterial mit leichter 3D-Optik unter den Armen und an den \u00c4rmeln<\/li>\n<li>Daumenloch am \u00c4rmelsaum<\/li>\n<li>Bel\u00fcftungs\u00f6ffnung am R\u00fccken<\/li>\n<li>Taillierter Schnitt<\/li>\n<\/ul>\n<p>Bitte gib beim Abschluss deiner Bestellung im Bemerkungsfeld an, wenn du diesen Artikel mit dem Vereinsname \u201eLG Lemberg\u201c m\u00f6chtest.<\/p>\n","protected":false},"excerpt":{"rendered":"<p>Laufjacke<\/p>\n","protected":false},"featured_media":253,"template":"","meta":[],"product_brand":[],"product_cat":[17],"product_tag":[],"class_list":{"0":"post-241","1":"product","2":"type-product","3":"status-publish","4":"has-post-thumbnail","6":"product_cat-damen","8":"first","9":"instock","10":"taxable","11":"shipping-taxable","12":"purchasable","13":"product-type-variable"},"_links":{"self":[{"href":"https:\/\/staging.elated-lamarr.89-58-35-140.plesk.page\/sgvhochdorf\/wp-json\/wp\/v2\/product\/241","targetHints":{"allow":["GET"]}}],"collection":[{"href":"https:\/\/staging.elated-lamarr.89-58-35-140.plesk.page\/sgvhochdorf\/wp-json\/wp\/v2\/product"}],"about":[{"href":"https:\/\/staging.elated-lamarr.89-58-35-140.plesk.page\/sgvhochdorf\/wp-json\/wp\/v2\/types\/product"}],"wp:featuredmedia":[{"embeddable":true,"href":"https:\/\/staging.elated-lamarr.89-58-35-140.plesk.page\/sgvhochdorf\/wp-json\/wp\/v2\/media\/253"}],"wp:attachment":[{"href":"https:\/\/staging.elated-lamarr.89-58-35-140.plesk.page\/sgvhochdorf\/wp-json\/wp\/v2\/media?parent=241"}],"wp:term":[{"taxonomy":"product_brand","embeddable":true,"href":"https:\/\/staging.elated-lamarr.89-58-35-140.plesk.page\/sgvhochdorf\/wp-json\/wp\/v2\/product_brand?post=241"},{"taxonomy":"product_cat","embeddable":true,"href":"https:\/\/staging.elated-lamarr.89-58-35-140.plesk.page\/sgvhochdorf\/wp-json\/wp\/v2\/product_cat?post=241"},{"taxonomy":"product_tag","embeddable":true,"href":"https:\/\/staging.elated-lamarr.89-58-35-140.plesk.page\/sgvhochdorf\/wp-json\/wp\/v2\/product_tag?post=241"}],"curies":[{"name":"wp","href":"https:\/\/api.w.org\/{rel}","templated":true}]}}