{"id":177,"date":"2024-06-25T08:13:35","date_gmt":"2024-06-25T06:13:35","guid":{"rendered":"https:\/\/sport-grabert.de\/sgvhochdorf\/?post_type=product&#038;p=177"},"modified":"2024-08-23T12:06:45","modified_gmt":"2024-08-23T10:06:45","slug":"racing-longsleeve-da","status":"publish","type":"product","link":"https:\/\/staging.elated-lamarr.89-58-35-140.plesk.page\/sgvhochdorf\/produkt\/racing-longsleeve-da\/","title":{"rendered":"RACING Longsleeve Da."},"content":{"rendered":"<p>\u00dcberzeugt mit seinem leichten Funktionsmaterial und praktischen Extras \u2013 perfekt f\u00fcr deine Laufeinheit an k\u00fchleren Tagen.<\/p>\n<ul>\n<li>Sehr leichtes, schnelltrocknendes Funktionsmaterial<\/li>\n<li>Mesh-Eins\u00e4tze unter den Armen und im Nackenbereich<\/li>\n<li>Flachn\u00e4hte f\u00fcr optimalen Tragekomfort<\/li>\n<li>Daumenloch am \u00c4rmelsaum<\/li>\n<li>\u00d6ffnungen an beiden \u00c4rmeln f\u00fcr die Uhr<\/li>\n<li>Reflektierendes Element auf der R\u00fcckseite am Saum<\/li>\n<li>Stehkragen mit Kurzrei\u00dfverschluss mit Kinnschutz<\/li>\n<li>Taillierter Schnitt<\/li>\n<\/ul>\n<p>Bitte gib beim Abschluss deiner Bestellung im Bemerkungsfeld an, wenn du diesen Artikel mit dem Vereinsname \u201eLG Lemberg\u201c m\u00f6chtest.<\/p>\n","protected":false},"excerpt":{"rendered":"<p>Longsleeve<\/p>\n","protected":false},"featured_media":195,"template":"","meta":[],"product_brand":[],"product_cat":[17],"product_tag":[],"class_list":{"0":"post-177","1":"product","2":"type-product","3":"status-publish","4":"has-post-thumbnail","6":"product_cat-damen","8":"first","9":"instock","10":"taxable","11":"shipping-taxable","12":"purchasable","13":"product-type-variable"},"_links":{"self":[{"href":"https:\/\/staging.elated-lamarr.89-58-35-140.plesk.page\/sgvhochdorf\/wp-json\/wp\/v2\/product\/177","targetHints":{"allow":["GET"]}}],"collection":[{"href":"https:\/\/staging.elated-lamarr.89-58-35-140.plesk.page\/sgvhochdorf\/wp-json\/wp\/v2\/product"}],"about":[{"href":"https:\/\/staging.elated-lamarr.89-58-35-140.plesk.page\/sgvhochdorf\/wp-json\/wp\/v2\/types\/product"}],"wp:featuredmedia":[{"embeddable":true,"href":"https:\/\/staging.elated-lamarr.89-58-35-140.plesk.page\/sgvhochdorf\/wp-json\/wp\/v2\/media\/195"}],"wp:attachment":[{"href":"https:\/\/staging.elated-lamarr.89-58-35-140.plesk.page\/sgvhochdorf\/wp-json\/wp\/v2\/media?parent=177"}],"wp:term":[{"taxonomy":"product_brand","embeddable":true,"href":"https:\/\/staging.elated-lamarr.89-58-35-140.plesk.page\/sgvhochdorf\/wp-json\/wp\/v2\/product_brand?post=177"},{"taxonomy":"product_cat","embeddable":true,"href":"https:\/\/staging.elated-lamarr.89-58-35-140.plesk.page\/sgvhochdorf\/wp-json\/wp\/v2\/product_cat?post=177"},{"taxonomy":"product_tag","embeddable":true,"href":"https:\/\/staging.elated-lamarr.89-58-35-140.plesk.page\/sgvhochdorf\/wp-json\/wp\/v2\/product_tag?post=177"}],"curies":[{"name":"wp","href":"https:\/\/api.w.org\/{rel}","templated":true}]}}