{"id":164,"date":"2024-06-25T08:13:00","date_gmt":"2024-06-25T06:13:00","guid":{"rendered":"https:\/\/sport-grabert.de\/sgvhochdorf\/?post_type=product&#038;p=164"},"modified":"2024-08-23T12:07:10","modified_gmt":"2024-08-23T10:07:10","slug":"racing-longsleeve","status":"publish","type":"product","link":"https:\/\/staging.elated-lamarr.89-58-35-140.plesk.page\/sgvhochdorf\/produkt\/racing-longsleeve\/","title":{"rendered":"RACING Longsleeve"},"content":{"rendered":"<p>\u00dcberzeugt mit seinem leichten Funktionsmaterial und praktischen Extras \u2013 perfekt f\u00fcr deine Laufeinheit an k\u00fchleren Tagen.<\/p>\n<ul>\n<li>Sehr leichtes, schnelltrocknendes Funktionsmaterial<\/li>\n<li>Mesh-Eins\u00e4tze unter den Armen und im Nackenbereich<\/li>\n<li>Flachn\u00e4hte f\u00fcr optimalen Tragekomfort<\/li>\n<li>Daumenloch am \u00c4rmelsaum<\/li>\n<li>\u00d6ffnungen an beiden \u00c4rmeln f\u00fcr die Uhr<\/li>\n<li>Reflektierendes Element auf der R\u00fcckseite am Saum<\/li>\n<li>Stehkragen mit Kurzrei\u00dfverschluss mit Kinnschutz<\/li>\n<\/ul>\n<p>Bitte gib beim Abschluss deiner Bestellung im Bemerkungsfeld an, wenn du diesen Artikel mit dem Vereinsname \u201eLG Lemberg\u201c m\u00f6chtest.<\/p>\n","protected":false},"excerpt":{"rendered":"<p>Longsleeve<\/p>\n","protected":false},"featured_media":176,"template":"","meta":[],"product_brand":[],"product_cat":[72,73],"product_tag":[],"class_list":{"0":"post-164","1":"product","2":"type-product","3":"status-publish","4":"has-post-thumbnail","6":"product_cat-herren","7":"product_cat-kinder","9":"first","10":"instock","11":"taxable","12":"shipping-taxable","13":"purchasable","14":"product-type-variable"},"_links":{"self":[{"href":"https:\/\/staging.elated-lamarr.89-58-35-140.plesk.page\/sgvhochdorf\/wp-json\/wp\/v2\/product\/164","targetHints":{"allow":["GET"]}}],"collection":[{"href":"https:\/\/staging.elated-lamarr.89-58-35-140.plesk.page\/sgvhochdorf\/wp-json\/wp\/v2\/product"}],"about":[{"href":"https:\/\/staging.elated-lamarr.89-58-35-140.plesk.page\/sgvhochdorf\/wp-json\/wp\/v2\/types\/product"}],"wp:featuredmedia":[{"embeddable":true,"href":"https:\/\/staging.elated-lamarr.89-58-35-140.plesk.page\/sgvhochdorf\/wp-json\/wp\/v2\/media\/176"}],"wp:attachment":[{"href":"https:\/\/staging.elated-lamarr.89-58-35-140.plesk.page\/sgvhochdorf\/wp-json\/wp\/v2\/media?parent=164"}],"wp:term":[{"taxonomy":"product_brand","embeddable":true,"href":"https:\/\/staging.elated-lamarr.89-58-35-140.plesk.page\/sgvhochdorf\/wp-json\/wp\/v2\/product_brand?post=164"},{"taxonomy":"product_cat","embeddable":true,"href":"https:\/\/staging.elated-lamarr.89-58-35-140.plesk.page\/sgvhochdorf\/wp-json\/wp\/v2\/product_cat?post=164"},{"taxonomy":"product_tag","embeddable":true,"href":"https:\/\/staging.elated-lamarr.89-58-35-140.plesk.page\/sgvhochdorf\/wp-json\/wp\/v2\/product_tag?post=164"}],"curies":[{"name":"wp","href":"https:\/\/api.w.org\/{rel}","templated":true}]}}