{"id":154,"date":"2024-06-25T08:02:07","date_gmt":"2024-06-25T06:02:07","guid":{"rendered":"https:\/\/sport-grabert.de\/sgvhochdorf\/?post_type=product&#038;p=154"},"modified":"2024-08-23T12:07:57","modified_gmt":"2024-08-23T10:07:57","slug":"racing-t-shirt-da","status":"publish","type":"product","link":"https:\/\/staging.elated-lamarr.89-58-35-140.plesk.page\/sgvhochdorf\/produkt\/racing-t-shirt-da\/","title":{"rendered":"RACING T-Shirt Da."},"content":{"rendered":"<p>Volle Funktion f\u00fcr das Training an warmen Tagen. Das T-Shirt bietet dir dank seinem schnelltrocknenden Funktionsmaterial einen hohen Tragekomfort.<\/p>\n<ul>\n<li>Sehr leichtes, schnelltrocknendes Funktionsmaterial<\/li>\n<li>Seitliche Mesh-Eins\u00e4tze f\u00fcr optimales K\u00f6rperklima<\/li>\n<li>Flachn\u00e4hte f\u00fcr optimalen Tragekomfort<\/li>\n<li>Reflektierendes Element auf der R\u00fcckseite am Saum<\/li>\n<li>Taillierter Schnitt<\/li>\n<\/ul>\n<p>Bitte gib beim Abschluss deiner Bestellung im Bemerkungsfeld an, wenn du diesen Artikel mit dem Vereinsname \u201eLG Lemberg\u201c m\u00f6chtest.<\/p>\n","protected":false},"excerpt":{"rendered":"<p>Polyester T-Shirt<\/p>\n","protected":false},"featured_media":162,"template":"","meta":[],"product_brand":[],"product_cat":[17],"product_tag":[],"class_list":{"0":"post-154","1":"product","2":"type-product","3":"status-publish","4":"has-post-thumbnail","6":"product_cat-damen","8":"first","9":"instock","10":"taxable","11":"shipping-taxable","12":"purchasable","13":"product-type-variable"},"_links":{"self":[{"href":"https:\/\/staging.elated-lamarr.89-58-35-140.plesk.page\/sgvhochdorf\/wp-json\/wp\/v2\/product\/154","targetHints":{"allow":["GET"]}}],"collection":[{"href":"https:\/\/staging.elated-lamarr.89-58-35-140.plesk.page\/sgvhochdorf\/wp-json\/wp\/v2\/product"}],"about":[{"href":"https:\/\/staging.elated-lamarr.89-58-35-140.plesk.page\/sgvhochdorf\/wp-json\/wp\/v2\/types\/product"}],"wp:featuredmedia":[{"embeddable":true,"href":"https:\/\/staging.elated-lamarr.89-58-35-140.plesk.page\/sgvhochdorf\/wp-json\/wp\/v2\/media\/162"}],"wp:attachment":[{"href":"https:\/\/staging.elated-lamarr.89-58-35-140.plesk.page\/sgvhochdorf\/wp-json\/wp\/v2\/media?parent=154"}],"wp:term":[{"taxonomy":"product_brand","embeddable":true,"href":"https:\/\/staging.elated-lamarr.89-58-35-140.plesk.page\/sgvhochdorf\/wp-json\/wp\/v2\/product_brand?post=154"},{"taxonomy":"product_cat","embeddable":true,"href":"https:\/\/staging.elated-lamarr.89-58-35-140.plesk.page\/sgvhochdorf\/wp-json\/wp\/v2\/product_cat?post=154"},{"taxonomy":"product_tag","embeddable":true,"href":"https:\/\/staging.elated-lamarr.89-58-35-140.plesk.page\/sgvhochdorf\/wp-json\/wp\/v2\/product_tag?post=154"}],"curies":[{"name":"wp","href":"https:\/\/api.w.org\/{rel}","templated":true}]}}